{"id":10006,"date":"2025-02-19T13:13:22","date_gmt":"2025-02-19T13:13:22","guid":{"rendered":"https:\/\/secouristesdev.wild-webdev.com\/?page_id=10006"},"modified":"2025-02-19T14:42:24","modified_gmt":"2025-02-19T14:42:24","slug":"conditions-generales","status":"publish","type":"page","link":"https:\/\/secouristesdev.wild-webdev.com\/index.php\/conditions-generales\/","title":{"rendered":"Conditions g\u00e9n\u00e9rales"},"content":{"rendered":"<section class=\"wpb-content-wrapper\"><p>[vc_row row_content_width=\u00a0\u00bbgrid\u00a0\u00bb css=\u00a0\u00bb.vc_custom_1739976140415{padding-top: 107px !important;padding-bottom: 107px !important;}\u00a0\u00bb][vc_column]<div class=\"eltdf-elements-holder   eltdf-one-column  eltdf-responsive-mode-768   \" ><div class=\"eltdf-eh-item     \"  data-item-class=\"eltdf-eh-custom-4271\" data-1367-1600=\"7px 9% 0 0\" data-1025-1366=\"7px 9% 0 0\" data-769-1024=\"14px 30% 40px 0\" data-681-768=\"14px 10% 0 0\" data-680=\"0 0\">\n\t<div class=\"eltdf-eh-item-inner\">\n\t\t<div class=\"eltdf-eh-item-content eltdf-eh-custom-4271\" style=\"padding: 7px 18% 0 0\">\n\t\t\t<div class=\"eltdf-section-title-holder  eltdf-st-standard eltdf-st-title-left eltdf-st-normal-space \" style=\"text-align: left\">\n\t<div class=\"eltdf-st-inner\">\n\t\t\t\t\t<h2 class=\"eltdf-st-title\" >\n\t\t\t\tCONDITIONS GENERALES\t\t\t<\/h2>\n\t\t\t\t\t\t\t<div class=\"eltdf-separator-holder clearfix  eltdf-separator-left \">\n\t<div class=\"eltdf-separator\" style=\"border-color: #ff1949;width: 38px;border-bottom-width: 3px;margin-top: 23px;margin-bottom: 9px\"><\/div>\n<\/div>\n\t\t\t\t\t<\/div>\n<\/div>[vc_empty_space][vc_column_text]<\/p>\n<div class=\"et_pb_module et_pb_text et_pb_text_1 et_pb_text_align_justified et_pb_bg_layout_light\">\n<div class=\"et_pb_text_inner\">\n<h3><span style=\"color: #f71212;\"><strong>Pr\u00e9sence<\/strong><\/span><\/h3>\n<\/div>\n<\/div>\n<div class=\"et_pb_module et_pb_text et_pb_text_2 et_pb_text_align_justified et_pb_bg_layout_light\">\n<div class=\"et_pb_text_inner\">\n<h5>La pr\u00e9sence \u00e0 la premi\u00e8re s\u00e9ance est obligatoire pour pouvoir suivre le reste du cours. L\u2019\u00e9l\u00e8ve qui, pour des raisons imp\u00e9ratives, manque une s\u00e9ance (hormis la premi\u00e8re) peut rattraper cette s\u00e9ance dans un d\u00e9lai de 3 mois au maximum. Pass\u00e9 ce d\u00e9lai, le cours et sa finance sont perdus. Date de rattrapage \u00e0 convenir avec l\u2019Ecole.<\/h5>\n<\/div>\n<\/div>\n<div class=\"et_pb_module et_pb_text et_pb_text_3 et_pb_text_align_justified et_pb_bg_layout_light\">\n<div class=\"et_pb_text_inner\">\n<h3><span style=\"color: #f71212;\"><strong>Annulation<\/strong><\/span><\/h3>\n<\/div>\n<\/div>\n<div class=\"et_pb_module et_pb_text et_pb_text_4 et_pb_text_align_justified et_pb_bg_layout_light\">\n<div class=\"et_pb_text_inner\">\n<h5>Elle doit \u00eatre effectu\u00e9e au minimum 3 jours avant le d\u00e9but du cours afin de pouvoir attribuer la place lib\u00e9r\u00e9e \u00e0 une autre personne. Si ce d\u00e9lai n\u2019est pas respect\u00e9, le cours est d\u00fb dans sa totalit\u00e9.<\/h5>\n<\/div>\n<\/div>\n<div class=\"et_pb_module et_pb_text et_pb_text_5 et_pb_text_align_justified et_pb_bg_layout_light\">\n<div class=\"et_pb_text_inner\">\n<h3><span style=\"color: #f71212;\"><strong>Tenue vestimentaire<\/strong><\/span><\/h3>\n<\/div>\n<\/div>\n<div class=\"et_pb_module et_pb_text et_pb_text_6 et_pb_text_align_justified et_pb_bg_layout_light\">\n<div class=\"et_pb_text_inner\">\n<h5>Tenue correcte exig\u00e9e et confortable pour les exercices \u00e0 m\u00eame le sol.<\/h5>\n<\/div>\n<\/div>\n<div class=\"et_pb_module et_pb_text et_pb_text_7 et_pb_text_align_justified et_pb_bg_layout_light\">\n<div class=\"et_pb_text_inner\">\n<h3><span style=\"color: #f71212;\"><strong>Certificat<\/strong><\/span><\/h3>\n<\/div>\n<\/div>\n<div class=\"et_pb_module et_pb_text et_pb_text_8 et_pb_text_align_justified et_pb_bg_layout_light\">\n<div class=\"et_pb_text_inner\">\n<h5>Le certificat est d\u00e9livr\u00e9 aux \u00e9l\u00e8ves qui ont pay\u00e9 les cours et qui ont suivi l\u2019ensemble des le\u00e7ons de 10 heures.<\/h5>\n<\/div>\n<\/div>\n<div class=\"et_pb_module et_pb_text et_pb_text_9 et_pb_text_align_justified et_pb_bg_layout_light\">\n<div class=\"et_pb_text_inner\">\n<h3><span style=\"color: #f71212;\"><strong>Langue<\/strong><\/span><\/h3>\n<\/div>\n<\/div>\n<div class=\"et_pb_module et_pb_text et_pb_text_10 et_pb_text_align_justified et_pb_bg_layout_light\">\n<div class=\"et_pb_text_inner\">\n<h5>Si un \u00e9l\u00e8ve ma\u00eetrise mal la langue fran\u00e7aise, nous recommandons que cette personne soit accompagn\u00e9e par un interpr\u00e8te.<\/h5>\n<\/div>\n<\/div>\n<div class=\"et_pb_module et_pb_text et_pb_text_11 et_pb_text_align_justified et_pb_bg_layout_light\">\n<div class=\"et_pb_text_inner\">\n<h3><span style=\"color: #f71212;\"><strong>Discipline<\/strong><\/span><\/h3>\n<\/div>\n<\/div>\n<div class=\"et_pb_module et_pb_text et_pb_text_12 et_pb_text_align_justified et_pb_bg_layout_light\">\n<div class=\"et_pb_text_inner\">\n<h5>Nous nous r\u00e9servons le droit d\u2019exclure toute personne qui perturbe le bon d\u00e9roulement des cours.<\/h5>\n<\/div>\n<\/div>\n<div class=\"et_pb_module et_pb_text et_pb_text_13 et_pb_text_align_justified et_pb_bg_layout_light\">\n<div class=\"et_pb_text_inner\">\n<h3><span style=\"color: #f71212;\"><strong>Duplicata<\/strong><\/span><\/h3>\n<\/div>\n<\/div>\n<div class=\"et_pb_module et_pb_text et_pb_text_14 et_pb_text_align_justified et_pb_bg_layout_light\">\n<div class=\"et_pb_text_inner\">\n<h5>Il est possible de commander un duplicata sur notre site www.lessecouristes.ch.<\/h5>\n<\/div>\n<\/div>\n<div class=\"et_pb_module et_pb_text et_pb_text_15 et_pb_text_align_justified et_pb_bg_layout_light\">\n<div class=\"et_pb_text_inner\">\n<h3><span style=\"color: #f71212;\"><strong>Paiement<\/strong><\/span><\/h3>\n<\/div>\n<\/div>\n<div class=\"et_pb_module et_pb_text et_pb_text_16 et_pb_text_align_justified et_pb_bg_layout_light\">\n<div class=\"et_pb_text_inner\">\n<h5>Selon les r\u00e9gions, paiement sur place le jour du cours ou par virement bancaire.<\/h5>\n<\/div>\n<\/div>\n<p>[\/vc_column_text]\t\t<\/div>\n\t<\/div>\n<\/div><\/div>[\/vc_column][\/vc_row]<\/p>\n<\/section>","protected":false},"excerpt":{"rendered":"<p>[vc_row row_content_width=\u00a0\u00bbgrid\u00a0\u00bb css=\u00a0\u00bb.vc_custom_1739976140415{padding-top: 107px !important;padding-bottom: 107px !important;}\u00a0\u00bb][vc_column][\/vc_column][\/vc_row]<\/p>\n","protected":false},"author":1,"featured_media":0,"parent":0,"menu_order":0,"comment_status":"closed","ping_status":"closed","template":"full-width.php","meta":{"_acf_changed":false,"_bbp_topic_count":0,"_bbp_reply_count":0,"_bbp_total_topic_count":0,"_bbp_total_reply_count":0,"_bbp_voice_count":0,"_bbp_anonymous_reply_count":0,"_bbp_topic_count_hidden":0,"_bbp_reply_count_hidden":0,"_bbp_forum_subforum_count":0,"footnotes":""},"class_list":["post-10006","page","type-page","status-publish","hentry"],"acf":[],"yoast_head":"<!-- This site is optimized with the Yoast SEO plugin v26.7 - https:\/\/yoast.com\/wordpress\/plugins\/seo\/ -->\n<title>Conditions g\u00e9n\u00e9rales - Les secouristes - ESU<\/title>\n<meta name=\"robots\" content=\"noindex, follow, max-snippet:-1, max-image-preview:large, max-video-preview:-1\" \/>\n<meta property=\"og:locale\" content=\"fr_FR\" \/>\n<meta property=\"og:type\" content=\"article\" \/>\n<meta property=\"og:title\" content=\"Conditions g\u00e9n\u00e9rales - Les secouristes - ESU\" \/>\n<meta property=\"og:description\" content=\"[vc_row row_content_width=\u00a0\u00bbgrid\u00a0\u00bb css=\u00a0\u00bb.vc_custom_1739976140415{padding-top: 107px !important;padding-bottom: 107px !important;}\u00a0\u00bb][vc_column][\/vc_column][\/vc_row]\" \/>\n<meta property=\"og:url\" content=\"https:\/\/secouristesdev.wild-webdev.com\/index.php\/conditions-generales\/\" \/>\n<meta property=\"og:site_name\" content=\"Les secouristes - ESU\" \/>\n<meta property=\"article:modified_time\" content=\"2025-02-19T14:42:24+00:00\" \/>\n<meta name=\"twitter:card\" content=\"summary_large_image\" \/>\n<meta name=\"twitter:label1\" content=\"Dur\u00e9e de lecture estim\u00e9e\" \/>\n\t<meta name=\"twitter:data1\" content=\"2 minutes\" \/>\n<script type=\"application\/ld+json\" class=\"yoast-schema-graph\">{\"@context\":\"https:\/\/schema.org\",\"@graph\":[{\"@type\":\"WebPage\",\"@id\":\"https:\/\/secouristesdev.wild-webdev.com\/index.php\/conditions-generales\/\",\"url\":\"https:\/\/secouristesdev.wild-webdev.com\/index.php\/conditions-generales\/\",\"name\":\"Conditions g\u00e9n\u00e9rales - Les secouristes - ESU\",\"isPartOf\":{\"@id\":\"https:\/\/secouristesdev.wild-webdev.com\/#website\"},\"datePublished\":\"2025-02-19T13:13:22+00:00\",\"dateModified\":\"2025-02-19T14:42:24+00:00\",\"breadcrumb\":{\"@id\":\"https:\/\/secouristesdev.wild-webdev.com\/index.php\/conditions-generales\/#breadcrumb\"},\"inLanguage\":\"fr-FR\",\"potentialAction\":[{\"@type\":\"ReadAction\",\"target\":[\"https:\/\/secouristesdev.wild-webdev.com\/index.php\/conditions-generales\/\"]}]},{\"@type\":\"BreadcrumbList\",\"@id\":\"https:\/\/secouristesdev.wild-webdev.com\/index.php\/conditions-generales\/#breadcrumb\",\"itemListElement\":[{\"@type\":\"ListItem\",\"position\":1,\"name\":\"Home\",\"item\":\"https:\/\/secouristesdev.wild-webdev.com\/\"},{\"@type\":\"ListItem\",\"position\":2,\"name\":\"Conditions g\u00e9n\u00e9rales\"}]},{\"@type\":\"WebSite\",\"@id\":\"https:\/\/secouristesdev.wild-webdev.com\/#website\",\"url\":\"https:\/\/secouristesdev.wild-webdev.com\/\",\"name\":\"Les secouristes - ESU\",\"description\":\"Ecole de Secours d&#039;Urgence\",\"potentialAction\":[{\"@type\":\"SearchAction\",\"target\":{\"@type\":\"EntryPoint\",\"urlTemplate\":\"https:\/\/secouristesdev.wild-webdev.com\/?s={search_term_string}\"},\"query-input\":{\"@type\":\"PropertyValueSpecification\",\"valueRequired\":true,\"valueName\":\"search_term_string\"}}],\"inLanguage\":\"fr-FR\"}]}<\/script>\n<!-- \/ Yoast SEO plugin. -->","yoast_head_json":{"title":"Conditions g\u00e9n\u00e9rales - Les secouristes - ESU","robots":{"index":"noindex","follow":"follow","max-snippet":"max-snippet:-1","max-image-preview":"max-image-preview:large","max-video-preview":"max-video-preview:-1"},"og_locale":"fr_FR","og_type":"article","og_title":"Conditions g\u00e9n\u00e9rales - Les secouristes - ESU","og_description":"[vc_row row_content_width=\u00a0\u00bbgrid\u00a0\u00bb css=\u00a0\u00bb.vc_custom_1739976140415{padding-top: 107px !important;padding-bottom: 107px !important;}\u00a0\u00bb][vc_column][\/vc_column][\/vc_row]","og_url":"https:\/\/secouristesdev.wild-webdev.com\/index.php\/conditions-generales\/","og_site_name":"Les secouristes - ESU","article_modified_time":"2025-02-19T14:42:24+00:00","twitter_card":"summary_large_image","twitter_misc":{"Dur\u00e9e de lecture estim\u00e9e":"2 minutes"},"schema":{"@context":"https:\/\/schema.org","@graph":[{"@type":"WebPage","@id":"https:\/\/secouristesdev.wild-webdev.com\/index.php\/conditions-generales\/","url":"https:\/\/secouristesdev.wild-webdev.com\/index.php\/conditions-generales\/","name":"Conditions g\u00e9n\u00e9rales - Les secouristes - ESU","isPartOf":{"@id":"https:\/\/secouristesdev.wild-webdev.com\/#website"},"datePublished":"2025-02-19T13:13:22+00:00","dateModified":"2025-02-19T14:42:24+00:00","breadcrumb":{"@id":"https:\/\/secouristesdev.wild-webdev.com\/index.php\/conditions-generales\/#breadcrumb"},"inLanguage":"fr-FR","potentialAction":[{"@type":"ReadAction","target":["https:\/\/secouristesdev.wild-webdev.com\/index.php\/conditions-generales\/"]}]},{"@type":"BreadcrumbList","@id":"https:\/\/secouristesdev.wild-webdev.com\/index.php\/conditions-generales\/#breadcrumb","itemListElement":[{"@type":"ListItem","position":1,"name":"Home","item":"https:\/\/secouristesdev.wild-webdev.com\/"},{"@type":"ListItem","position":2,"name":"Conditions g\u00e9n\u00e9rales"}]},{"@type":"WebSite","@id":"https:\/\/secouristesdev.wild-webdev.com\/#website","url":"https:\/\/secouristesdev.wild-webdev.com\/","name":"Les secouristes - ESU","description":"Ecole de Secours d&#039;Urgence","potentialAction":[{"@type":"SearchAction","target":{"@type":"EntryPoint","urlTemplate":"https:\/\/secouristesdev.wild-webdev.com\/?s={search_term_string}"},"query-input":{"@type":"PropertyValueSpecification","valueRequired":true,"valueName":"search_term_string"}}],"inLanguage":"fr-FR"}]}},"_links":{"self":[{"href":"https:\/\/secouristesdev.wild-webdev.com\/index.php\/wp-json\/wp\/v2\/pages\/10006","targetHints":{"allow":["GET"]}}],"collection":[{"href":"https:\/\/secouristesdev.wild-webdev.com\/index.php\/wp-json\/wp\/v2\/pages"}],"about":[{"href":"https:\/\/secouristesdev.wild-webdev.com\/index.php\/wp-json\/wp\/v2\/types\/page"}],"author":[{"embeddable":true,"href":"https:\/\/secouristesdev.wild-webdev.com\/index.php\/wp-json\/wp\/v2\/users\/1"}],"replies":[{"embeddable":true,"href":"https:\/\/secouristesdev.wild-webdev.com\/index.php\/wp-json\/wp\/v2\/comments?post=10006"}],"version-history":[{"count":14,"href":"https:\/\/secouristesdev.wild-webdev.com\/index.php\/wp-json\/wp\/v2\/pages\/10006\/revisions"}],"predecessor-version":[{"id":10009,"href":"https:\/\/secouristesdev.wild-webdev.com\/index.php\/wp-json\/wp\/v2\/pages\/10006\/revisions\/10009"}],"wp:attachment":[{"href":"https:\/\/secouristesdev.wild-webdev.com\/index.php\/wp-json\/wp\/v2\/media?parent=10006"}],"curies":[{"name":"wp","href":"https:\/\/api.w.org\/{rel}","templated":true}]}}