{"id":10423,"date":"2025-03-26T11:08:10","date_gmt":"2025-03-26T11:08:10","guid":{"rendered":"https:\/\/secouristesdev.wild-webdev.com\/?page_id=10423"},"modified":"2025-06-10T05:42:59","modified_gmt":"2025-06-10T05:42:59","slug":"infos-cours-premiers-secours","status":"publish","type":"page","link":"https:\/\/secouristesdev.wild-webdev.com\/index.php\/infos-cours-premiers-secours\/","title":{"rendered":"Infos cours premiers secours"},"content":{"rendered":"<section class=\"wpb-content-wrapper\"><p>[vc_row row_content_width=\u00a0\u00bbgrid\u00a0\u00bb simple_background_color=\u00a0\u00bb#ffffff\u00a0\u00bb css=\u00a0\u00bb.vc_custom_1744289331937{margin-top: 70px !important;}\u00a0\u00bb][vc_column]<div class=\"eltdf-section-title-holder  eltdf-st-standard eltdf-st-title-left eltdf-st-normal-space \" style=\"text-align: center\">\n\t<div class=\"eltdf-st-inner\">\n\t\t\t\t\t<h2 class=\"eltdf-st-title\" >\n\t\t\t\tD\u00e9roulement du cours de premiers-secours\t\t\t<\/h2>\n\t\t\t\t\t\t\t<div class=\"eltdf-separator-holder clearfix  eltdf-separator-center \">\n\t<div class=\"eltdf-separator\" style=\"border-color: #ff1949;width: 38px;border-bottom-width: 3px;margin-top: 23px;margin-bottom: 9px\"><\/div>\n<\/div>\n\t\t\t\t\t<\/div>\n<\/div>[vc_empty_space height=\u00a0\u00bb40px\u00a0\u00bb][\/vc_column][\/vc_row][vc_row row_content_width=\u00a0\u00bbgrid\u00a0\u00bb][vc_column width=\u00a0\u00bb1\/4&Prime;][vc_images_carousel images=\u00a0\u00bb9924,9922,9926,9652&Prime; img_size=\u00a0\u00bbfull\u00a0\u00bb autoplay=\u00a0\u00bbyes\u00a0\u00bb el_id=\u00a0\u00bbcarrousel-imgs\u00a0\u00bb][\/vc_column][vc_column width=\u00a0\u00bb3\/4&Prime;][vc_column_text]<\/p>\n<div class=\"et_pb_module et_pb_text et_pb_text_1 et_pb_text_align_left et_pb_bg_layout_light\">\n<div class=\"et_pb_text_inner\">\n<h2><span style=\"color: #ff0200;\"><strong>En 4 le\u00e7ons<\/strong><\/span><\/h2>\n<\/div>\n<\/div>\n<div class=\"et_pb_module et_pb_text et_pb_text_2 et_pb_text_align_left et_pb_bg_layout_light\">\n<div class=\"et_pb_text_inner\">\n<p><strong>Ces derni\u00e8res vous permettent de prodiguer les premiers-secours lors d\u2019accidents de la route et de prendre les bonnes d\u00e9cisions en cas d\u2019urgence m\u00e9dicale. Ce cours est obligatoire pour les candidats au permis de conduire.<\/strong><\/p>\n<\/div>\n<\/div>\n<div class=\"et_pb_module et_pb_text et_pb_text_3 et_pb_text_align_left et_pb_bg_layout_light\">\n<div class=\"et_pb_text_inner\">\n<h2><span style=\"color: #ff0200;\"><strong>Contenu<\/strong><\/span><\/h2>\n<\/div>\n<\/div>\n<div class=\"et_pb_module et_pb_text et_pb_text_4 et_pb_text_align_left et_pb_bg_layout_light\">\n<div class=\"et_pb_text_inner\">\n<p>Vous entra\u00eenez, de fa\u00e7on vari\u00e9e et ludique, le comportement s\u00fbr \u00e0 adopter suite \u00e0 un accident de la route ou \u00e0 une urgence m\u00e9dicale, dans le cadre de diff\u00e9rents sc\u00e9narios r\u00e9alistes. Le cours traite, entre autres, des th\u00e8mes suivants:<\/p>\n<\/div>\n<\/div>\n<div class=\"et_pb_module et_pb_text et_pb_text_5 et_pb_text_align_left et_pb_bg_layout_light\">\n<div class=\"et_pb_text_inner\">\n<ul>\n<li><strong>Identification des dangers suite \u00e0 un accident de la route.<\/strong><\/li>\n<li><strong>Alarmer correctement, conna\u00eetre les num\u00e9ros d\u2019urgence.<\/strong><\/li>\n<li><strong>\u00c9valuation de l\u2019\u00e9tat du patient et de son \u00e9tat de conscience.<\/strong><\/li>\n<li><strong>R\u00e9animation, BLS-AED.<\/strong><\/li>\n<li><strong>Utilisation du d\u00e9fibrillateur.<\/strong><\/li>\n<\/ul>\n<\/div>\n<\/div>\n<p>[\/vc_column_text][vc_empty_space height=\u00a0\u00bb40px\u00a0\u00bb][vc_row_inner][vc_column_inner width=\u00a0\u00bb1\/2&Prime;][vc_column_text]<\/p>\n<div class=\"et_pb_module et_pb_text et_pb_text_6 et_pb_text_align_left et_pb_bg_layout_light\">\n<div class=\"et_pb_text_inner\">\n<p><span style=\"color: #ff0200;\"><strong>Pratique<\/strong><\/span><\/p>\n<\/div>\n<\/div>\n<div class=\"et_pb_module et_pb_text et_pb_text_7 et_pb_text_align_left et_pb_bg_layout_light\">\n<div class=\"et_pb_text_inner\">\n<p>70% du cours est bas\u00e9 sur la pratique, mises en situation (sc\u00e9nario) etc\u2026<\/p>\n<\/div>\n<\/div>\n<div class=\"et_pb_module et_pb_text et_pb_text_8 et_pb_text_align_left et_pb_bg_layout_light\">\n<div class=\"et_pb_text_inner\">\n<p><span style=\"color: #ff0200;\"><strong>Groupe cible<\/strong><\/span><\/p>\n<\/div>\n<\/div>\n<div class=\"et_pb_module et_pb_text et_pb_text_9 et_pb_text_align_left et_pb_bg_layout_light\">\n<div class=\"et_pb_text_inner\">\n<p>Candidats au permis de conduire, mais aussi conducteurs qui souhaitent rafra\u00eechir leurs connaissances li\u00e9es aux premiers-secours.<\/p>\n<\/div>\n<\/div>\n<p>[\/vc_column_text][\/vc_column_inner][vc_column_inner width=\u00a0\u00bb1\/2&Prime;][vc_column_text]<\/p>\n<div class=\"et_pb_module et_pb_text et_pb_text_10 et_pb_text_align_left et_pb_bg_layout_light\">\n<div class=\"et_pb_text_inner\">\n<p><span style=\"color: #ff0200;\"><strong>Dur\u00e9e<\/strong><\/span><\/p>\n<\/div>\n<\/div>\n<div class=\"et_pb_module et_pb_text et_pb_text_11 et_pb_text_align_left et_pb_bg_layout_light\">\n<div class=\"et_pb_text_inner\">\n<p>10 heures<\/p>\n<\/div>\n<\/div>\n<div class=\"et_pb_module et_pb_text et_pb_text_12 et_pb_text_align_left et_pb_bg_layout_light\">\n<div class=\"et_pb_text_inner\">\n<p><span style=\"color: #ff0200;\"><strong>Certificat<\/strong><\/span><\/p>\n<\/div>\n<\/div>\n<div class=\"et_pb_module et_pb_text et_pb_text_13 et_pb_text_align_left et_pb_bg_layout_light\">\n<div class=\"et_pb_text_inner\">\n<p>Une fois la formation termin\u00e9e, vous recevez l\u2019attestation du cours de premiers-secours (valide 6 ans).<\/p>\n<\/div>\n<\/div>\n<p>[\/vc_column_text][\/vc_column_inner][\/vc_row_inner][vc_row_inner][vc_column_inner][vc_empty_space height=\u00a0\u00bb40px\u00a0\u00bb][vc_btn title=\u00a0\u00bbJe m&rsquo;inscris\u00a0\u00bb el_class=\u00a0\u00bbbtn-charts\u00a0\u00bb link=\u00a0\u00bburl:https%3A%2F%2Fsecouristesdev.wild-webdev.com%2Findex.php%2Flessecouristes-cours%2F\u00a0\u00bb][\/vc_column_inner][\/vc_row_inner][\/vc_column][\/vc_row][vc_row simple_background_color=\u00a0\u00bb#ffffff\u00a0\u00bb][vc_column][vc_empty_space height=\u00a0\u00bb40px\u00a0\u00bb][\/vc_column][\/vc_row][vc_row css=\u00a0\u00bb.vc_custom_1744289488979{margin-top: 0px !important;margin-bottom: 0px !important;}\u00a0\u00bb simple_background_color=\u00a0\u00bb#ffffff\u00a0\u00bb][vc_column width=\u00a0\u00bb1\/3&Prime;]<div class=\"eltdf-elements-holder   eltdf-one-column  eltdf-responsive-mode-768   \" ><div class=\"eltdf-eh-item     \"  data-item-class=\"eltdf-eh-custom-5435\" data-1025-1366=\"0 8%\">\n\t<div class=\"eltdf-eh-item-inner\">\n\t\t<div class=\"eltdf-eh-item-content eltdf-eh-custom-5435\" style=\"padding: 0 14%\">\n\t\t\t<div class=\"eltdf-iwt clearfix hw-200 eltdf-iwt-icon-top eltdf-iwt-icon-small eltdf-iwt-position-text_center\">\n\t<div class=\"eltdf-iwt-icon\">\n\t\t\t\t\t\t\t\t\t<img loading=\"lazy\" decoding=\"async\" width=\"512\" height=\"512\" src=\"https:\/\/secouristesdev.wild-webdev.com\/wp-content\/uploads\/2025\/03\/hourglass_4548169.png\" class=\"attachment-full size-full\" alt=\"\" srcset=\"https:\/\/secouristesdev.wild-webdev.com\/wp-content\/uploads\/2025\/03\/hourglass_4548169.png 512w, https:\/\/secouristesdev.wild-webdev.com\/wp-content\/uploads\/2025\/03\/hourglass_4548169-300x300.png 300w, https:\/\/secouristesdev.wild-webdev.com\/wp-content\/uploads\/2025\/03\/hourglass_4548169-150x150.png 150w, https:\/\/secouristesdev.wild-webdev.com\/wp-content\/uploads\/2025\/03\/hourglass_4548169-100x100.png 100w\" sizes=\"auto, (max-width: 512px) 100vw, 512px\" \/>\t\t\t\t\t\t<\/div>\n\t<div class=\"eltdf-iwt-content\" >\n\t\t\t\t\t<h4 class=\"eltdf-iwt-title\" style=\"color: #f71212\">\n\t\t\t\t\t\t\t\t<span class=\"eltdf-iwt-title-text\">10 heures<\/span>\n\t\t\t\t\t\t\t<\/h4>\n\t\t\t\t\t\t\t<p class=\"eltdf-iwt-text\" >Ce cours obligatoire dure 10h r\u00e9parties sur un week-end.<\/p>\n\t\t\t<\/div>\n<\/div>\t\t<\/div>\n\t<\/div>\n<\/div><\/div>[\/vc_column][vc_column width=\u00a0\u00bb1\/3&Prime;]<div class=\"eltdf-elements-holder   eltdf-one-column  eltdf-responsive-mode-768   \" ><div class=\"eltdf-eh-item     \"  data-item-class=\"eltdf-eh-custom-1050\" data-1025-1366=\"0 8%\">\n\t<div class=\"eltdf-eh-item-inner\">\n\t\t<div class=\"eltdf-eh-item-content eltdf-eh-custom-1050\" style=\"padding: 0 14%\">\n\t\t\t<div class=\"eltdf-iwt clearfix hw-200 eltdf-iwt-icon-top eltdf-iwt-icon-medium eltdf-iwt-position-text_center\">\n\t<div class=\"eltdf-iwt-icon\">\n\t\t\t\t\t\t\t\t\t<img loading=\"lazy\" decoding=\"async\" width=\"512\" height=\"512\" src=\"https:\/\/secouristesdev.wild-webdev.com\/wp-content\/uploads\/2025\/03\/drive_18307288.png\" class=\"attachment-full size-full\" alt=\"\" srcset=\"https:\/\/secouristesdev.wild-webdev.com\/wp-content\/uploads\/2025\/03\/drive_18307288.png 512w, https:\/\/secouristesdev.wild-webdev.com\/wp-content\/uploads\/2025\/03\/drive_18307288-300x300.png 300w, https:\/\/secouristesdev.wild-webdev.com\/wp-content\/uploads\/2025\/03\/drive_18307288-150x150.png 150w, https:\/\/secouristesdev.wild-webdev.com\/wp-content\/uploads\/2025\/03\/drive_18307288-100x100.png 100w\" sizes=\"auto, (max-width: 512px) 100vw, 512px\" \/>\t\t\t\t\t\t<\/div>\n\t<div class=\"eltdf-iwt-content\" >\n\t\t\t\t\t<h4 class=\"eltdf-iwt-title\" style=\"color: #f71212\">\n\t\t\t\t\t\t\t\t<span class=\"eltdf-iwt-title-text\">Valable 6 ans<\/span>\n\t\t\t\t\t\t\t<\/h4>\n\t\t\t\t\t\t\t<p class=\"eltdf-iwt-text\" >Les cours ESU-les secouristes sont reconnus par tous les services automobiles en Suisse.<\/p>\n\t\t\t<\/div>\n<\/div>\t\t<\/div>\n\t<\/div>\n<\/div><\/div>[\/vc_column][vc_column width=\u00a0\u00bb1\/3&Prime;]<div class=\"eltdf-elements-holder   eltdf-one-column  eltdf-responsive-mode-768   \" ><div class=\"eltdf-eh-item     \"  data-item-class=\"eltdf-eh-custom-7579\" data-1025-1366=\"0 8%\">\n\t<div class=\"eltdf-eh-item-inner\">\n\t\t<div class=\"eltdf-eh-item-content eltdf-eh-custom-7579\" style=\"padding: 0 14%\">\n\t\t\t<div class=\"eltdf-iwt clearfix hw-200 eltdf-iwt-icon-top eltdf-iwt-icon-medium eltdf-iwt-position-text_center\">\n\t<div class=\"eltdf-iwt-icon\">\n\t\t\t\t\t\t\t\t\t<img loading=\"lazy\" decoding=\"async\" width=\"512\" height=\"512\" src=\"https:\/\/secouristesdev.wild-webdev.com\/wp-content\/uploads\/2025\/03\/elearning.png\" class=\"attachment-full size-full\" alt=\"\" srcset=\"https:\/\/secouristesdev.wild-webdev.com\/wp-content\/uploads\/2025\/03\/elearning.png 512w, https:\/\/secouristesdev.wild-webdev.com\/wp-content\/uploads\/2025\/03\/elearning-300x300.png 300w, https:\/\/secouristesdev.wild-webdev.com\/wp-content\/uploads\/2025\/03\/elearning-150x150.png 150w, https:\/\/secouristesdev.wild-webdev.com\/wp-content\/uploads\/2025\/03\/elearning-100x100.png 100w\" sizes=\"auto, (max-width: 512px) 100vw, 512px\" \/>\t\t\t\t\t\t<\/div>\n\t<div class=\"eltdf-iwt-content\" >\n\t\t\t\t\t<h4 class=\"eltdf-iwt-title\" style=\"color: #f71212\">\n\t\t\t\t\t\t\t\t<span class=\"eltdf-iwt-title-text\">Qualit\u00e9<\/span>\n\t\t\t\t\t\t\t<\/h4>\n\t\t\t\t\t\t\t<p class=\"eltdf-iwt-text\" >Nos instructrices et instructeurs sont tous des professionnels issus de la sant\u00e9, m\u00e9decins, ambulanciers, policiers, pompiers etc\u2026<\/p>\n\t\t\t<\/div>\n<\/div>\t\t<\/div>\n\t<\/div>\n<\/div><\/div>[\/vc_column][\/vc_row][vc_row simple_background_color=\u00a0\u00bb#ffffff\u00a0\u00bb][vc_column][vc_empty_space height=\u00a0\u00bb40px\u00a0\u00bb][\/vc_column][\/vc_row][vc_row el_class=\u00a0\u00bbicons-mobile\u00a0\u00bb css=\u00a0\u00bb.vc_custom_1744289505105{margin-top: 70px !important;padding-top: 90px !important;padding-bottom: 90px !important;}\u00a0\u00bb simple_background_color=\u00a0\u00bb#5c64a3&Prime;][vc_column width=\u00a0\u00bb1\/3&Prime;]<div class=\"eltdf-elements-holder   eltdf-one-column  eltdf-responsive-mode-768   \" ><div class=\"eltdf-eh-item     \"  data-item-class=\"eltdf-eh-custom-1109\">\n\t<div class=\"eltdf-eh-item-inner\">\n\t\t<div class=\"eltdf-eh-item-content eltdf-eh-custom-1109\" style=\"padding: 0 14%\">\n\t\t\t<div class=\"eltdf-iwt clearfix  eltdf-iwt-icon-top eltdf-iwt-icon-huge eltdf-iwt-position-text_center\">\n\t<div class=\"eltdf-iwt-icon\">\n\t\t\t\t\t\t\t\t\t    <span class=\"eltdf-icon-shortcode eltdf-normal   eltdf-icon-huge\"  data-color=\"#ffffff\">\n                    <i class=\"eltdf-icon-font-awesome fa fa-calendar-alt eltdf-icon-element\" style=\"color: #ffffff\" ><\/i>            <\/span>\n\t\t\t\t\t\t<\/div>\n\t<div class=\"eltdf-iwt-content\" >\n\t\t\t\t\t<h4 class=\"eltdf-iwt-title\" style=\"color: #ffffff\">\n\t\t\t\t\t\t\t\t<span class=\"eltdf-iwt-title-text\">Nous formons aux premiers secours depuis 1996<\/span>\n\t\t\t\t\t\t\t<\/h4>\n\t\t\t\t\t<\/div>\n<\/div>\t\t<\/div>\n\t<\/div>\n<\/div><\/div>[\/vc_column][vc_column width=\u00a0\u00bb1\/3&Prime;]<div class=\"eltdf-elements-holder   eltdf-one-column  eltdf-responsive-mode-768   \" ><div class=\"eltdf-eh-item     \"  data-item-class=\"eltdf-eh-custom-7546\">\n\t<div class=\"eltdf-eh-item-inner\">\n\t\t<div class=\"eltdf-eh-item-content eltdf-eh-custom-7546\" style=\"padding: 0 14%\">\n\t\t\t<div class=\"eltdf-iwt clearfix  eltdf-iwt-icon-top eltdf-iwt-icon-huge eltdf-iwt-position-text_center\">\n\t<div class=\"eltdf-iwt-icon\">\n\t\t\t\t\t\t\t\t\t    <span class=\"eltdf-icon-shortcode eltdf-normal   eltdf-icon-huge\"  data-color=\"#ffffff\">\n                    <i class=\"eltdf-icon-font-awesome fa fa-shield-alt eltdf-icon-element\" style=\"color: #ffffff\" ><\/i>            <\/span>\n\t\t\t\t\t\t<\/div>\n\t<div class=\"eltdf-iwt-content\" >\n\t\t\t\t\t<h4 class=\"eltdf-iwt-title\" style=\"color: #ffffff\">\n\t\t\t\t\t\t\t\t<span class=\"eltdf-iwt-title-text\">Certifi\u00e9 par le Swiss Resusciation Council<\/span>\n\t\t\t\t\t\t\t<\/h4>\n\t\t\t\t\t<\/div>\n<\/div>\t\t<\/div>\n\t<\/div>\n<\/div><\/div>[\/vc_column][vc_column width=\u00a0\u00bb1\/3&Prime;]<div class=\"eltdf-elements-holder   eltdf-one-column  eltdf-responsive-mode-768   \" ><div class=\"eltdf-eh-item     \"  data-item-class=\"eltdf-eh-custom-9698\">\n\t<div class=\"eltdf-eh-item-inner\">\n\t\t<div class=\"eltdf-eh-item-content eltdf-eh-custom-9698\" style=\"padding: 0 14%\">\n\t\t\t<div class=\"eltdf-iwt clearfix  eltdf-iwt-icon-top eltdf-iwt-icon-huge eltdf-iwt-position-text_center\">\n\t<div class=\"eltdf-iwt-icon\">\n\t\t\t\t\t\t\t\t\t    <span class=\"eltdf-icon-shortcode eltdf-normal   eltdf-icon-huge\"  data-color=\"#ffffff\">\n                    <i class=\"eltdf-icon-font-awesome fa fa-globe eltdf-icon-element\" style=\"color: #ffffff\" ><\/i>            <\/span>\n\t\t\t\t\t\t<\/div>\n\t<div class=\"eltdf-iwt-content\" >\n\t\t\t\t\t<h4 class=\"eltdf-iwt-title\" style=\"color: #ffffff\">\n\t\t\t\t\t\t\t\t<span class=\"eltdf-iwt-title-text\">Nos formations sont dispens\u00e9es dans tous les cantons<\/span>\n\t\t\t\t\t\t\t<\/h4>\n\t\t\t\t\t<\/div>\n<\/div>\t\t<\/div>\n\t<\/div>\n<\/div><\/div>[\/vc_column][\/vc_row]<\/p>\n<\/section>","protected":false},"excerpt":{"rendered":"<p>[vc_row row_content_width=\u00a0\u00bbgrid\u00a0\u00bb simple_background_color=\u00a0\u00bb#ffffff\u00a0\u00bb css=\u00a0\u00bb.vc_custom_1744289331937{margin-top: 70px !important;}\u00a0\u00bb][vc_column][vc_empty_space height=\u00a0\u00bb40px\u00a0\u00bb][\/vc_column][\/vc_row][vc_row row_content_width=\u00a0\u00bbgrid\u00a0\u00bb][vc_column width=\u00a0\u00bb1\/4&Prime;][vc_images_carousel images=\u00a0\u00bb9924,9922,9926,9652&Prime; img_size=\u00a0\u00bbfull\u00a0\u00bb autoplay=\u00a0\u00bbyes\u00a0\u00bb el_id=\u00a0\u00bbcarrousel-imgs\u00a0\u00bb][\/vc_column][vc_column width=\u00a0\u00bb3\/4&Prime;][vc_column_text] En 4 le\u00e7ons Ces derni\u00e8res vous permettent de prodiguer les premiers-secours lors d\u2019accidents de la route et de prendre les bonnes d\u00e9cisions en cas d\u2019urgence m\u00e9dicale. Ce cours est obligatoire pour les candidats au permis de conduire. Contenu Vous entra\u00eenez, de fa\u00e7on [&hellip;]<\/p>\n","protected":false},"author":1,"featured_media":0,"parent":0,"menu_order":0,"comment_status":"closed","ping_status":"closed","template":"full-width.php","meta":{"_acf_changed":false,"_bbp_topic_count":0,"_bbp_reply_count":0,"_bbp_total_topic_count":0,"_bbp_total_reply_count":0,"_bbp_voice_count":0,"_bbp_anonymous_reply_count":0,"_bbp_topic_count_hidden":0,"_bbp_reply_count_hidden":0,"_bbp_forum_subforum_count":0,"footnotes":""},"class_list":["post-10423","page","type-page","status-publish","hentry"],"acf":[],"yoast_head":"<!-- This site is optimized with the Yoast SEO plugin v26.7 - https:\/\/yoast.com\/wordpress\/plugins\/seo\/ -->\n<title>Cours de premiers secours en Suisse - Les Secouristes<\/title>\n<meta name=\"description\" content=\"Tout savoir sur nos cours de premiers secours : contenu, dur\u00e9e, objectifs et inscriptions simples avec Les Secouristes.\" \/>\n<meta name=\"robots\" content=\"noindex, follow, max-snippet:-1, max-image-preview:large, max-video-preview:-1\" \/>\n<meta property=\"og:locale\" content=\"fr_FR\" \/>\n<meta property=\"og:type\" content=\"article\" \/>\n<meta property=\"og:title\" content=\"Cours de premiers secours en Suisse - Les Secouristes\" \/>\n<meta property=\"og:description\" content=\"Tout savoir sur nos cours de premiers secours : contenu, dur\u00e9e, objectifs et inscriptions simples avec Les Secouristes.\" \/>\n<meta property=\"og:url\" content=\"https:\/\/secouristesdev.wild-webdev.com\/index.php\/infos-cours-premiers-secours\/\" \/>\n<meta property=\"og:site_name\" content=\"Les secouristes - ESU\" \/>\n<meta property=\"article:modified_time\" content=\"2025-06-10T05:42:59+00:00\" \/>\n<meta name=\"twitter:card\" content=\"summary_large_image\" \/>\n<meta name=\"twitter:label1\" content=\"Dur\u00e9e de lecture estim\u00e9e\" \/>\n\t<meta name=\"twitter:data1\" content=\"2 minutes\" \/>\n<script type=\"application\/ld+json\" class=\"yoast-schema-graph\">{\"@context\":\"https:\/\/schema.org\",\"@graph\":[{\"@type\":\"WebPage\",\"@id\":\"https:\/\/secouristesdev.wild-webdev.com\/index.php\/infos-cours-premiers-secours\/\",\"url\":\"https:\/\/secouristesdev.wild-webdev.com\/index.php\/infos-cours-premiers-secours\/\",\"name\":\"Cours de premiers secours en Suisse - Les Secouristes\",\"isPartOf\":{\"@id\":\"https:\/\/secouristesdev.wild-webdev.com\/#website\"},\"datePublished\":\"2025-03-26T11:08:10+00:00\",\"dateModified\":\"2025-06-10T05:42:59+00:00\",\"description\":\"Tout savoir sur nos cours de premiers secours : contenu, dur\u00e9e, objectifs et inscriptions simples avec Les Secouristes.\",\"breadcrumb\":{\"@id\":\"https:\/\/secouristesdev.wild-webdev.com\/index.php\/infos-cours-premiers-secours\/#breadcrumb\"},\"inLanguage\":\"fr-FR\",\"potentialAction\":[{\"@type\":\"ReadAction\",\"target\":[\"https:\/\/secouristesdev.wild-webdev.com\/index.php\/infos-cours-premiers-secours\/\"]}]},{\"@type\":\"BreadcrumbList\",\"@id\":\"https:\/\/secouristesdev.wild-webdev.com\/index.php\/infos-cours-premiers-secours\/#breadcrumb\",\"itemListElement\":[{\"@type\":\"ListItem\",\"position\":1,\"name\":\"Home\",\"item\":\"https:\/\/secouristesdev.wild-webdev.com\/\"},{\"@type\":\"ListItem\",\"position\":2,\"name\":\"Infos cours premiers secours\"}]},{\"@type\":\"WebSite\",\"@id\":\"https:\/\/secouristesdev.wild-webdev.com\/#website\",\"url\":\"https:\/\/secouristesdev.wild-webdev.com\/\",\"name\":\"Les secouristes - ESU\",\"description\":\"Ecole de Secours d&#039;Urgence\",\"potentialAction\":[{\"@type\":\"SearchAction\",\"target\":{\"@type\":\"EntryPoint\",\"urlTemplate\":\"https:\/\/secouristesdev.wild-webdev.com\/?s={search_term_string}\"},\"query-input\":{\"@type\":\"PropertyValueSpecification\",\"valueRequired\":true,\"valueName\":\"search_term_string\"}}],\"inLanguage\":\"fr-FR\"}]}<\/script>\n<!-- \/ Yoast SEO plugin. -->","yoast_head_json":{"title":"Cours de premiers secours en Suisse - Les Secouristes","description":"Tout savoir sur nos cours de premiers secours : contenu, dur\u00e9e, objectifs et inscriptions simples avec Les Secouristes.","robots":{"index":"noindex","follow":"follow","max-snippet":"max-snippet:-1","max-image-preview":"max-image-preview:large","max-video-preview":"max-video-preview:-1"},"og_locale":"fr_FR","og_type":"article","og_title":"Cours de premiers secours en Suisse - Les Secouristes","og_description":"Tout savoir sur nos cours de premiers secours : contenu, dur\u00e9e, objectifs et inscriptions simples avec Les Secouristes.","og_url":"https:\/\/secouristesdev.wild-webdev.com\/index.php\/infos-cours-premiers-secours\/","og_site_name":"Les secouristes - ESU","article_modified_time":"2025-06-10T05:42:59+00:00","twitter_card":"summary_large_image","twitter_misc":{"Dur\u00e9e de lecture estim\u00e9e":"2 minutes"},"schema":{"@context":"https:\/\/schema.org","@graph":[{"@type":"WebPage","@id":"https:\/\/secouristesdev.wild-webdev.com\/index.php\/infos-cours-premiers-secours\/","url":"https:\/\/secouristesdev.wild-webdev.com\/index.php\/infos-cours-premiers-secours\/","name":"Cours de premiers secours en Suisse - Les Secouristes","isPartOf":{"@id":"https:\/\/secouristesdev.wild-webdev.com\/#website"},"datePublished":"2025-03-26T11:08:10+00:00","dateModified":"2025-06-10T05:42:59+00:00","description":"Tout savoir sur nos cours de premiers secours : contenu, dur\u00e9e, objectifs et inscriptions simples avec Les Secouristes.","breadcrumb":{"@id":"https:\/\/secouristesdev.wild-webdev.com\/index.php\/infos-cours-premiers-secours\/#breadcrumb"},"inLanguage":"fr-FR","potentialAction":[{"@type":"ReadAction","target":["https:\/\/secouristesdev.wild-webdev.com\/index.php\/infos-cours-premiers-secours\/"]}]},{"@type":"BreadcrumbList","@id":"https:\/\/secouristesdev.wild-webdev.com\/index.php\/infos-cours-premiers-secours\/#breadcrumb","itemListElement":[{"@type":"ListItem","position":1,"name":"Home","item":"https:\/\/secouristesdev.wild-webdev.com\/"},{"@type":"ListItem","position":2,"name":"Infos cours premiers secours"}]},{"@type":"WebSite","@id":"https:\/\/secouristesdev.wild-webdev.com\/#website","url":"https:\/\/secouristesdev.wild-webdev.com\/","name":"Les secouristes - ESU","description":"Ecole de Secours d&#039;Urgence","potentialAction":[{"@type":"SearchAction","target":{"@type":"EntryPoint","urlTemplate":"https:\/\/secouristesdev.wild-webdev.com\/?s={search_term_string}"},"query-input":{"@type":"PropertyValueSpecification","valueRequired":true,"valueName":"search_term_string"}}],"inLanguage":"fr-FR"}]}},"_links":{"self":[{"href":"https:\/\/secouristesdev.wild-webdev.com\/index.php\/wp-json\/wp\/v2\/pages\/10423","targetHints":{"allow":["GET"]}}],"collection":[{"href":"https:\/\/secouristesdev.wild-webdev.com\/index.php\/wp-json\/wp\/v2\/pages"}],"about":[{"href":"https:\/\/secouristesdev.wild-webdev.com\/index.php\/wp-json\/wp\/v2\/types\/page"}],"author":[{"embeddable":true,"href":"https:\/\/secouristesdev.wild-webdev.com\/index.php\/wp-json\/wp\/v2\/users\/1"}],"replies":[{"embeddable":true,"href":"https:\/\/secouristesdev.wild-webdev.com\/index.php\/wp-json\/wp\/v2\/comments?post=10423"}],"version-history":[{"count":12,"href":"https:\/\/secouristesdev.wild-webdev.com\/index.php\/wp-json\/wp\/v2\/pages\/10423\/revisions"}],"predecessor-version":[{"id":10670,"href":"https:\/\/secouristesdev.wild-webdev.com\/index.php\/wp-json\/wp\/v2\/pages\/10423\/revisions\/10670"}],"wp:attachment":[{"href":"https:\/\/secouristesdev.wild-webdev.com\/index.php\/wp-json\/wp\/v2\/media?parent=10423"}],"curies":[{"name":"wp","href":"https:\/\/api.w.org\/{rel}","templated":true}]}}